{"id":582,"date":"2021-12-13T05:24:19","date_gmt":"2021-12-13T05:24:19","guid":{"rendered":"https:\/\/blockart-agency.sites.qsandbox.com\/?page_id=582"},"modified":"2022-11-29T18:56:27","modified_gmt":"2022-11-30T00:56:27","slug":"contact","status":"publish","type":"page","link":"https:\/\/encuentrotlalnepantla.com\/?page_id=582","title":{"rendered":"Contacto"},"content":{"rendered":"\n<div class=\"blockart-section blockart-section-73441fc0\"><div class=\"blockart-container\"><div class=\"blockart-section-inner\">\n<div class=\"blockart-column blockart-column-19d4e79a\"><div class=\"blockart-column-inner\">\n<h2 class=\"blockart-heading blockart-heading-ed8ed03b\">Direcci\u00f3n<\/h2>\n\n\n\n<ul class=\"wp-block-list\">\n<li>Av. Tlalnepantla-Tenayuca 25, San Bartolo Tenayuca, 54150 Tlalnepantla de Baz, M\u00e9x.<\/li>\n<\/ul>\n<\/div><\/div>\n\n\n\n<div class=\"blockart-column blockart-column-67d4f14c\"><div class=\"blockart-column-inner\">\n<h2 class=\"blockart-heading blockart-heading-4a35044c\">Email<\/h2>\n\n\n\n<p class=\"wp-block-paragraph\">administracion@encuentrotlalnepantla.com<\/p>\n<\/div><\/div>\n\n\n\n<div class=\"blockart-column blockart-column-7f33a661\"><div class=\"blockart-column-inner\">\n<h2 class=\"blockart-heading blockart-heading-79dd122c\">Tel\u00e9fono<\/h2>\n\n\n\n<p class=\"wp-block-paragraph\"><a href=\"https:\/\/www.google.com\/search?q=encuentro+tlalnepantla&amp;rlz=1C5CHFA_enMX995MX995&amp;oq=encuentro+tlalnepantla&amp;aqs=chrome.0.35i39i355j46i39i175i199j69i60l6.5328j0j7&amp;sourceid=chrome&amp;ie=UTF-8#\">55 5052 8887<\/a><\/p>\n<\/div><\/div>\n\n\n\n<div class=\"blockart-column blockart-column-31c109f0\"><div class=\"blockart-column-inner\">\n<h2 class=\"blockart-heading blockart-heading-851087b5\">Horario<\/h2>\n\n\n\n<ul class=\"wp-block-list\">\n<li>Open : 6AM \u2013 12AM (Lunes a Domingo )<\/li>\n<\/ul>\n<\/div><\/div>\n<\/div><\/div><\/div>\n\n\n\n<div class=\"blockart-section blockart-section-6d9887c3\"><div class=\"blockart-container-fluid\"><div class=\"blockart-section-inner\">\n<div class=\"blockart-column blockart-column-946d1c71\"><div class=\"blockart-column-inner\">\n<div class=\"blockart-image blockart-image-cb9e1b82\"><img data-recalc-dims=\"1\" fetchpriority=\"high\" decoding=\"async\" data-attachment-id=\"1073\" data-permalink=\"https:\/\/encuentrotlalnepantla.com\/?attachment_id=1073\" data-orig-file=\"https:\/\/i0.wp.com\/encuentrotlalnepantla.com\/wp-content\/uploads\/2021\/12\/contact-cta.png?fit=800%2C151&amp;ssl=1\" data-orig-size=\"800,151\" data-comments-opened=\"1\" data-image-meta=\"{&quot;aperture&quot;:&quot;0&quot;,&quot;credit&quot;:&quot;&quot;,&quot;camera&quot;:&quot;&quot;,&quot;caption&quot;:&quot;&quot;,&quot;created_timestamp&quot;:&quot;0&quot;,&quot;copyright&quot;:&quot;&quot;,&quot;focal_length&quot;:&quot;0&quot;,&quot;iso&quot;:&quot;0&quot;,&quot;shutter_speed&quot;:&quot;0&quot;,&quot;title&quot;:&quot;&quot;,&quot;orientation&quot;:&quot;0&quot;}\" data-image-title=\"contact-cta\" data-image-description=\"\" data-image-caption=\"\" data-large-file=\"https:\/\/i0.wp.com\/encuentrotlalnepantla.com\/wp-content\/uploads\/2021\/12\/contact-cta.png?fit=800%2C151&amp;ssl=1\" class=\"wp-image-1073\" src=\"https:\/\/i0.wp.com\/encuentrotlalnepantla.com\/wp-content\/uploads\/2021\/12\/contact-cta.png?resize=800%2C151&#038;ssl=1\" alt=\"\" height=\"151\" width=\"800\" srcset=\"https:\/\/i0.wp.com\/encuentrotlalnepantla.com\/wp-content\/uploads\/2021\/12\/contact-cta.png?w=800&amp;ssl=1 800w, https:\/\/i0.wp.com\/encuentrotlalnepantla.com\/wp-content\/uploads\/2021\/12\/contact-cta.png?resize=300%2C57&amp;ssl=1 300w, https:\/\/i0.wp.com\/encuentrotlalnepantla.com\/wp-content\/uploads\/2021\/12\/contact-cta.png?resize=768%2C145&amp;ssl=1 768w, https:\/\/i0.wp.com\/encuentrotlalnepantla.com\/wp-content\/uploads\/2021\/12\/contact-cta.png?resize=600%2C113&amp;ssl=1 600w\" sizes=\"(max-width: 800px) 100vw, 800px\" \/><\/div>\n<\/div><\/div>\n<\/div><\/div><\/div>\n\n\n\n<div class=\"blockart-section blockart-section-a8c7c151\"><div class=\"blockart-container\"><div class=\"blockart-section-inner\">\n<div class=\"blockart-column blockart-column-dab34859\"><div class=\"blockart-column-inner\"><\/div><\/div>\n\n\n\n<div class=\"blockart-column blockart-column-4d4d4da2\"><div class=\"blockart-column-inner\">\n<h2 class=\"blockart-heading blockart-heading-4d52da07\">Estamos para atenderte<\/h2>\n\n\n\n<p class=\"blockart-paragraph blockart-paragraph-3b27db7b\">Tus comentarios nos ayudan a mejorar constantemente nuestro servicio para todos los visitantes.<\/p>\n\n\n\n<div class=\"blockart-buttons blockart-buttons-972f8c19 is-justification-center is-horizontal is-wrap\">\n<div class=\"blockart-button blockart-button-b387f7b1 \"><a class=\"blockart-button-link is-custom is-style-filled\" href=\"55 5052 8887\">LL\u00e1manos<\/a><\/div>\n<\/div>\n<\/div><\/div>\n\n\n\n<div class=\"blockart-column blockart-column-119d63ce\"><div class=\"blockart-column-inner\"><\/div><\/div>\n<\/div><\/div><\/div>\n\n\n\n<div class=\"blockart-section blockart-section-979ffdef\"><div class=\"blockart-container-fluid\"><div class=\"blockart-section-inner\">\n<div class=\"blockart-column blockart-column-9d2964c2\"><div class=\"blockart-column-inner\">\n<div class=\"wp-block-jetpack-map\" data-map-id=\"jp-map-1\" data-map-provider=\"mapkit\" data-api-key=\"pk.eyJ1IjoiYXV0b21hdHRpYyIsImEiOiJjazVpZjA5aWswYTFvM21sOWtzNW1rNG9lIn0.Gu-sp4wRxnnQB-Qa8CpuZQ\" data-map-style=\"default\" data-blog-id=\"212891376\"><ul><li><a href=\"https:\/\/www.google.com\/maps\/search\/?api=1&amp;query=19.5322398,-99.1767359\">Avenida Tlalnepantla &#8211; Tenayuca<\/a><\/li><\/ul><\/div>\n<\/div><\/div>\n<\/div><\/div><\/div>\n","protected":false},"excerpt":{"rendered":"","protected":false},"author":217554395,"featured_media":0,"parent":0,"menu_order":0,"comment_status":"closed","ping_status":"closed","template":"page-templates\/pagebuilder.php","meta":{"_coblocks_attr":"","_coblocks_dimensions":"","_coblocks_responsive_height":"","_coblocks_accordion_ie_support":"","_crdt_document":"","footnotes":""},"class_list":["post-582","page","type-page","status-publish","hentry"],"aioseo_notices":[],"yoast_head":"<!-- This site is optimized with the Yoast SEO plugin v27.5 - https:\/\/yoast.com\/product\/yoast-seo-wordpress\/ -->\n<title>Contacto - Encuentro Tlalnepantla<\/title>\n<meta name=\"robots\" content=\"index, follow, max-snippet:-1, max-image-preview:large, max-video-preview:-1\" \/>\n<link rel=\"canonical\" href=\"https:\/\/encuentrotlalnepantla.com\/?page_id=582\" \/>\n<meta property=\"og:locale\" content=\"es_ES\" \/>\n<meta property=\"og:type\" content=\"article\" \/>\n<meta property=\"og:title\" content=\"Contacto - Encuentro Tlalnepantla\" \/>\n<meta property=\"og:url\" content=\"https:\/\/encuentrotlalnepantla.com\/?page_id=582\" \/>\n<meta property=\"og:site_name\" content=\"Encuentro Tlalnepantla\" \/>\n<meta property=\"article:publisher\" content=\"https:\/\/www.facebook.com\/EncuentroTlalnepantla\" \/>\n<meta property=\"article:modified_time\" content=\"2022-11-30T00:56:27+00:00\" \/>\n<meta property=\"og:image\" content=\"https:\/\/encuentrotlalnepantla.com\/wp-content\/uploads\/2021\/12\/contact-cta.png\" \/>\n<meta name=\"twitter:card\" content=\"summary_large_image\" \/>\n<script type=\"application\/ld+json\" class=\"yoast-schema-graph\">{\"@context\":\"https:\\\/\\\/schema.org\",\"@graph\":[{\"@type\":\"WebPage\",\"@id\":\"https:\\\/\\\/encuentrotlalnepantla.com\\\/?page_id=582\",\"url\":\"https:\\\/\\\/encuentrotlalnepantla.com\\\/?page_id=582\",\"name\":\"Contacto - Encuentro Tlalnepantla\",\"isPartOf\":{\"@id\":\"https:\\\/\\\/encuentrotlalnepantla.com\\\/#website\"},\"primaryImageOfPage\":{\"@id\":\"https:\\\/\\\/encuentrotlalnepantla.com\\\/?page_id=582#primaryimage\"},\"image\":{\"@id\":\"https:\\\/\\\/encuentrotlalnepantla.com\\\/?page_id=582#primaryimage\"},\"thumbnailUrl\":\"https:\\\/\\\/encuentrotlalnepantla.com\\\/wp-content\\\/uploads\\\/2021\\\/12\\\/contact-cta.png\",\"datePublished\":\"2021-12-13T05:24:19+00:00\",\"dateModified\":\"2022-11-30T00:56:27+00:00\",\"breadcrumb\":{\"@id\":\"https:\\\/\\\/encuentrotlalnepantla.com\\\/?page_id=582#breadcrumb\"},\"inLanguage\":\"es\",\"potentialAction\":[{\"@type\":\"ReadAction\",\"target\":[\"https:\\\/\\\/encuentrotlalnepantla.com\\\/?page_id=582\"]}]},{\"@type\":\"ImageObject\",\"inLanguage\":\"es\",\"@id\":\"https:\\\/\\\/encuentrotlalnepantla.com\\\/?page_id=582#primaryimage\",\"url\":\"https:\\\/\\\/i0.wp.com\\\/encuentrotlalnepantla.com\\\/wp-content\\\/uploads\\\/2021\\\/12\\\/contact-cta.png?fit=800%2C151&ssl=1\",\"contentUrl\":\"https:\\\/\\\/i0.wp.com\\\/encuentrotlalnepantla.com\\\/wp-content\\\/uploads\\\/2021\\\/12\\\/contact-cta.png?fit=800%2C151&ssl=1\",\"width\":800,\"height\":151},{\"@type\":\"BreadcrumbList\",\"@id\":\"https:\\\/\\\/encuentrotlalnepantla.com\\\/?page_id=582#breadcrumb\",\"itemListElement\":[{\"@type\":\"ListItem\",\"position\":1,\"name\":\"Portada\",\"item\":\"https:\\\/\\\/encuentrotlalnepantla.com\\\/\"},{\"@type\":\"ListItem\",\"position\":2,\"name\":\"Contacto\"}]},{\"@type\":\"WebSite\",\"@id\":\"https:\\\/\\\/encuentrotlalnepantla.com\\\/#website\",\"url\":\"https:\\\/\\\/encuentrotlalnepantla.com\\\/\",\"name\":\"Encuentro Tlalnepantla\",\"description\":\"El centro comercial creado para en Tenayuca\",\"publisher\":{\"@id\":\"https:\\\/\\\/encuentrotlalnepantla.com\\\/#organization\"},\"potentialAction\":[{\"@type\":\"SearchAction\",\"target\":{\"@type\":\"EntryPoint\",\"urlTemplate\":\"https:\\\/\\\/encuentrotlalnepantla.com\\\/?s={search_term_string}\"},\"query-input\":{\"@type\":\"PropertyValueSpecification\",\"valueRequired\":true,\"valueName\":\"search_term_string\"}}],\"inLanguage\":\"es\"},{\"@type\":\"Organization\",\"@id\":\"https:\\\/\\\/encuentrotlalnepantla.com\\\/#organization\",\"name\":\"Encuentro Tlalnepantla\",\"url\":\"https:\\\/\\\/encuentrotlalnepantla.com\\\/\",\"logo\":{\"@type\":\"ImageObject\",\"inLanguage\":\"es\",\"@id\":\"https:\\\/\\\/encuentrotlalnepantla.com\\\/#\\\/schema\\\/logo\\\/image\\\/\",\"url\":\"https:\\\/\\\/i0.wp.com\\\/encuentrotlalnepantla.com\\\/wp-content\\\/uploads\\\/2022\\\/11\\\/cropped-logo-erncuentro-web_Mesa-de-trabajo-1.png?fit=160%2C70&ssl=1\",\"contentUrl\":\"https:\\\/\\\/i0.wp.com\\\/encuentrotlalnepantla.com\\\/wp-content\\\/uploads\\\/2022\\\/11\\\/cropped-logo-erncuentro-web_Mesa-de-trabajo-1.png?fit=160%2C70&ssl=1\",\"width\":160,\"height\":70,\"caption\":\"Encuentro Tlalnepantla\"},\"image\":{\"@id\":\"https:\\\/\\\/encuentrotlalnepantla.com\\\/#\\\/schema\\\/logo\\\/image\\\/\"},\"sameAs\":[\"https:\\\/\\\/www.facebook.com\\\/EncuentroTlalnepantla\"]}]}<\/script>\n<!-- \/ Yoast SEO plugin. -->","yoast_head_json":{"title":"Contacto - Encuentro Tlalnepantla","robots":{"index":"index","follow":"follow","max-snippet":"max-snippet:-1","max-image-preview":"max-image-preview:large","max-video-preview":"max-video-preview:-1"},"canonical":"https:\/\/encuentrotlalnepantla.com\/?page_id=582","og_locale":"es_ES","og_type":"article","og_title":"Contacto - Encuentro Tlalnepantla","og_url":"https:\/\/encuentrotlalnepantla.com\/?page_id=582","og_site_name":"Encuentro Tlalnepantla","article_publisher":"https:\/\/www.facebook.com\/EncuentroTlalnepantla","article_modified_time":"2022-11-30T00:56:27+00:00","og_image":[{"url":"https:\/\/encuentrotlalnepantla.com\/wp-content\/uploads\/2021\/12\/contact-cta.png","type":"","width":"","height":""}],"twitter_card":"summary_large_image","schema":{"@context":"https:\/\/schema.org","@graph":[{"@type":"WebPage","@id":"https:\/\/encuentrotlalnepantla.com\/?page_id=582","url":"https:\/\/encuentrotlalnepantla.com\/?page_id=582","name":"Contacto - Encuentro Tlalnepantla","isPartOf":{"@id":"https:\/\/encuentrotlalnepantla.com\/#website"},"primaryImageOfPage":{"@id":"https:\/\/encuentrotlalnepantla.com\/?page_id=582#primaryimage"},"image":{"@id":"https:\/\/encuentrotlalnepantla.com\/?page_id=582#primaryimage"},"thumbnailUrl":"https:\/\/encuentrotlalnepantla.com\/wp-content\/uploads\/2021\/12\/contact-cta.png","datePublished":"2021-12-13T05:24:19+00:00","dateModified":"2022-11-30T00:56:27+00:00","breadcrumb":{"@id":"https:\/\/encuentrotlalnepantla.com\/?page_id=582#breadcrumb"},"inLanguage":"es","potentialAction":[{"@type":"ReadAction","target":["https:\/\/encuentrotlalnepantla.com\/?page_id=582"]}]},{"@type":"ImageObject","inLanguage":"es","@id":"https:\/\/encuentrotlalnepantla.com\/?page_id=582#primaryimage","url":"https:\/\/i0.wp.com\/encuentrotlalnepantla.com\/wp-content\/uploads\/2021\/12\/contact-cta.png?fit=800%2C151&ssl=1","contentUrl":"https:\/\/i0.wp.com\/encuentrotlalnepantla.com\/wp-content\/uploads\/2021\/12\/contact-cta.png?fit=800%2C151&ssl=1","width":800,"height":151},{"@type":"BreadcrumbList","@id":"https:\/\/encuentrotlalnepantla.com\/?page_id=582#breadcrumb","itemListElement":[{"@type":"ListItem","position":1,"name":"Portada","item":"https:\/\/encuentrotlalnepantla.com\/"},{"@type":"ListItem","position":2,"name":"Contacto"}]},{"@type":"WebSite","@id":"https:\/\/encuentrotlalnepantla.com\/#website","url":"https:\/\/encuentrotlalnepantla.com\/","name":"Encuentro Tlalnepantla","description":"El centro comercial creado para en Tenayuca","publisher":{"@id":"https:\/\/encuentrotlalnepantla.com\/#organization"},"potentialAction":[{"@type":"SearchAction","target":{"@type":"EntryPoint","urlTemplate":"https:\/\/encuentrotlalnepantla.com\/?s={search_term_string}"},"query-input":{"@type":"PropertyValueSpecification","valueRequired":true,"valueName":"search_term_string"}}],"inLanguage":"es"},{"@type":"Organization","@id":"https:\/\/encuentrotlalnepantla.com\/#organization","name":"Encuentro Tlalnepantla","url":"https:\/\/encuentrotlalnepantla.com\/","logo":{"@type":"ImageObject","inLanguage":"es","@id":"https:\/\/encuentrotlalnepantla.com\/#\/schema\/logo\/image\/","url":"https:\/\/i0.wp.com\/encuentrotlalnepantla.com\/wp-content\/uploads\/2022\/11\/cropped-logo-erncuentro-web_Mesa-de-trabajo-1.png?fit=160%2C70&ssl=1","contentUrl":"https:\/\/i0.wp.com\/encuentrotlalnepantla.com\/wp-content\/uploads\/2022\/11\/cropped-logo-erncuentro-web_Mesa-de-trabajo-1.png?fit=160%2C70&ssl=1","width":160,"height":70,"caption":"Encuentro Tlalnepantla"},"image":{"@id":"https:\/\/encuentrotlalnepantla.com\/#\/schema\/logo\/image\/"},"sameAs":["https:\/\/www.facebook.com\/EncuentroTlalnepantla"]}]}},"jetpack_likes_enabled":true,"jetpack_sharing_enabled":true,"jetpack_shortlink":"https:\/\/wp.me\/PepgLS-9o","jetpack-related-posts":[{"id":2550,"url":"https:\/\/encuentrotlalnepantla.com\/?page_id=2550","url_meta":{"origin":582,"position":0},"title":"Politica de privacidad","author":"medhaustlalnepantla","date":"1 de agosto de 2025","format":false,"excerpt":"Aviso de Privacidad Responsable del Tratamiento de sus Datos Personales:Empresa Foadmi, quien act\u00faa como responsable del tratamiento de datos personales de los visitantes al centro comercial Encuentro Tlalnepantla, con domicilio en Av. Tlalnepantla-Tenayuca 25, San Bartolo Tenayuca, 54150 Tlalnepantla, M\u00e9x.Empresa Foadmi, de conformidad con la Ley Federal de Protecci\u00f3n de\u2026","rel":"","context":"Entrada similar","block_context":{"text":"Entrada similar","link":""},"img":{"alt_text":"","src":"","width":0,"height":0},"classes":[]},{"id":1848,"url":"https:\/\/encuentrotlalnepantla.com\/","url_meta":{"origin":582,"position":1},"title":"Encuentro Tlalnepantla","author":"Watchdog","date":"10 de diciembre de 2024","format":false,"excerpt":"Facturaci\u00f3n electr\u00f3nica Contacto Bienvenido a COMPRAS ENTRETENIMIENTO ALIMENTOS SERVICIOS \u00a1YA ABRIMOS! \u00bfTe imaginas saltar y re\u00edr sin parar? Fly Trampol\u00edn te espera con sus coloridos trampolines y \u00e1reas de juego que garantizan risas interminables. \u00a1YA ABRIMOS! \u00bfTe imaginas saltar y re\u00edr sin parar? Fly Trampol\u00edn te espera con sus coloridos\u2026","rel":"","context":"Entrada similar","block_context":{"text":"Entrada similar","link":""},"img":{"alt_text":"","src":"https:\/\/i0.wp.com\/encuentrotlalnepantla.com\/wp-content\/uploads\/2022\/11\/cropped-310558722_519699716834432_6442734804420478980_n-4.jpeg?resize=350%2C200&ssl=1","width":350,"height":200},"classes":[]}],"_links":{"self":[{"href":"https:\/\/encuentrotlalnepantla.com\/index.php?rest_route=\/wp\/v2\/pages\/582","targetHints":{"allow":["GET"]}}],"collection":[{"href":"https:\/\/encuentrotlalnepantla.com\/index.php?rest_route=\/wp\/v2\/pages"}],"about":[{"href":"https:\/\/encuentrotlalnepantla.com\/index.php?rest_route=\/wp\/v2\/types\/page"}],"author":[{"embeddable":true,"href":"https:\/\/encuentrotlalnepantla.com\/index.php?rest_route=\/wp\/v2\/users\/217554395"}],"replies":[{"embeddable":true,"href":"https:\/\/encuentrotlalnepantla.com\/index.php?rest_route=%2Fwp%2Fv2%2Fcomments&post=582"}],"version-history":[{"count":8,"href":"https:\/\/encuentrotlalnepantla.com\/index.php?rest_route=\/wp\/v2\/pages\/582\/revisions"}],"predecessor-version":[{"id":1579,"href":"https:\/\/encuentrotlalnepantla.com\/index.php?rest_route=\/wp\/v2\/pages\/582\/revisions\/1579"}],"wp:attachment":[{"href":"https:\/\/encuentrotlalnepantla.com\/index.php?rest_route=%2Fwp%2Fv2%2Fmedia&parent=582"}],"curies":[{"name":"wp","href":"https:\/\/api.w.org\/{rel}","templated":true}]}}